{"id":3,"date":"2019-12-27T01:50:19","date_gmt":"2019-12-27T00:50:19","guid":{"rendered":"http:\/\/galerieflh.fr\/?page_id=3"},"modified":"2024-02-23T11:45:25","modified_gmt":"2024-02-23T10:45:25","slug":"politique-de-confidentialite","status":"publish","type":"page","link":"https:\/\/galerieflh.fr\/index.php\/politique-de-confidentialite\/","title":{"rendered":"Mentions l\u00e9gales"},"content":{"rendered":"\n<p> <strong>Cr\u00e9dits<br> Conception et production :<\/strong><\/p>\n\n\n\n<p>L&rsquo;Atelier Galerie FLH pr\u00e9sente le travail de Francis l&rsquo;Huillier, artiste peintre et Anne Ol\u00e9ron, artiste en papier d\u00e9coup\u00e9. L&rsquo;ensemble des \u0153uvres sont des pi\u00e8ces uniques, r\u00e9alis\u00e9es et vendues par les artistes. L&rsquo;ensemble des photos reste la propri\u00e9t\u00e9 de chaque artiste et ne peut \u00eatre utilis\u00e9 sans son consentement. <\/p>\n\n\n\n<p>Si vous souhaitez plus d&rsquo;information, merci de contacter l&rsquo;artiste concern\u00e9 :<\/p>\n\n\n\n<p>Pour les peintures : Francis L&rsquo;Huillier<\/p>\n\n\n\n<p>francislhuillier.peintre@gmail.com<\/p>\n\n\n\n<p>Pour les papiers d\u00e9coup\u00e9s : Anne Ol\u00e9ron<\/p>\n\n\n\n<p>anne.oleron@sfr.fr<\/p>\n","protected":false},"excerpt":{"rendered":"<p>Cr\u00e9dits Conception et production : L&rsquo;Atelier Galerie FLH pr\u00e9sente le travail de Francis l&rsquo;Huillier, artiste peintre et Anne Ol\u00e9ron, artiste en papier d\u00e9coup\u00e9. L&rsquo;ensemble des \u0153uvres sont des pi\u00e8ces uniques, r\u00e9alis\u00e9es et vendues par les artistes. L&rsquo;ensemble des photos reste la propri\u00e9t\u00e9 de chaque artiste et ne peut \u00eatre utilis\u00e9 sans son consentement. Si vous &hellip; <\/p>\n<p class=\"link-more\"><a href=\"https:\/\/galerieflh.fr\/index.php\/politique-de-confidentialite\/\" class=\"more-link\">Continuer la lecture<span class=\"screen-reader-text\"> de &laquo;&nbsp;Mentions l\u00e9gales&nbsp;&raquo;<\/span><\/a><\/p>\n","protected":false},"author":1,"featured_media":0,"parent":0,"menu_order":0,"comment_status":"closed","ping_status":"open","template":"","meta":{"footnotes":""},"class_list":["post-3","page","type-page","status-publish","hentry"],"jetpack_sharing_enabled":true,"_links":{"self":[{"href":"https:\/\/galerieflh.fr\/index.php\/wp-json\/wp\/v2\/pages\/3","targetHints":{"allow":["GET"]}}],"collection":[{"href":"https:\/\/galerieflh.fr\/index.php\/wp-json\/wp\/v2\/pages"}],"about":[{"href":"https:\/\/galerieflh.fr\/index.php\/wp-json\/wp\/v2\/types\/page"}],"author":[{"embeddable":true,"href":"https:\/\/galerieflh.fr\/index.php\/wp-json\/wp\/v2\/users\/1"}],"replies":[{"embeddable":true,"href":"https:\/\/galerieflh.fr\/index.php\/wp-json\/wp\/v2\/comments?post=3"}],"version-history":[{"count":4,"href":"https:\/\/galerieflh.fr\/index.php\/wp-json\/wp\/v2\/pages\/3\/revisions"}],"predecessor-version":[{"id":1184,"href":"https:\/\/galerieflh.fr\/index.php\/wp-json\/wp\/v2\/pages\/3\/revisions\/1184"}],"wp:attachment":[{"href":"https:\/\/galerieflh.fr\/index.php\/wp-json\/wp\/v2\/media?parent=3"}],"curies":[{"name":"wp","href":"https:\/\/api.w.org\/{rel}","templated":true}]}}